{"id":21,"date":"2021-11-23T02:11:04","date_gmt":"2021-11-23T05:11:04","guid":{"rendered":"https:\/\/rafasapiens.com\/portfolio\/?page_id=21"},"modified":"2022-02-26T04:44:06","modified_gmt":"2022-02-26T07:44:06","slug":"sobre","status":"publish","type":"page","link":"https:\/\/rafasapiens.com\/portfolio\/index.php\/sobre\/","title":{"rendered":"Sobre"},"content":{"rendered":"<div data-colibri-id=\"21-c1\" class=\"style-334 style-local-21-c1 position-relative\">\n  <!---->\n  <div data-colibri-component=\"section\" data-colibri-id=\"21-c2\" id=\"custom\" class=\"h-section h-section-global-spacing d-flex align-items-lg-center align-items-md-center align-items-center style-339 style-local-21-c2 position-relative\">\n    <!---->\n    <!---->\n    <div class=\"h-section-grid-container h-section-boxed-container\">\n      <!---->\n      <div data-colibri-id=\"21-c3\" class=\"h-row-container gutters-row-lg-2 gutters-row-md-2 gutters-row-0 gutters-row-v-lg-2 gutters-row-v-md-2 gutters-row-v-2 style-342 style-local-21-c3 position-relative\">\n        <!---->\n        <div class=\"h-row justify-content-lg-center justify-content-md-center justify-content-center align-items-lg-stretch align-items-md-stretch align-items-stretch gutters-col-lg-2 gutters-col-md-2 gutters-col-0 gutters-col-v-lg-2 gutters-col-v-md-2 gutters-col-v-2\">\n          <!---->\n          <div class=\"h-column h-column-container d-flex h-col-lg-auto h-col-md-auto h-col-auto style-343-outer style-local-21-c4-outer\">\n            <div data-colibri-id=\"21-c4\" class=\"d-flex h-flex-basis h-column__inner h-px-lg-2 h-px-md-2 h-px-2 v-inner-lg-2 v-inner-md-2 v-inner-2 style-343 style-local-21-c4 position-relative\">\n              <!---->\n              <!---->\n              <div class=\"w-100 h-y-container h-column__content h-column__v-align flex-basis-100 align-self-lg-start align-self-md-start align-self-start\">\n                <!---->\n                <div data-colibri-id=\"21-c5\" class=\"h-text h-text-component style-344 style-local-21-c5 position-relative h-element\">\n                  <!---->\n                  <!---->\n                  <div class=\"\">\n                    <p>Quem \u00e9 RafaSapiens? Quem sou?<\/p>\n                    <p>Um primata, tripulante da espa\u00e7onave Terra desde o in\u00edcio da d\u00e9cada de 1980 e que busca respostas sobre sua pr\u00f3pria esp\u00e9cie e as intera\u00e7\u00f5es e comportamentos que a esp\u00e9cie tem entre si e entre as outras esp\u00e9cies.<\/p>\n                    <p>Nesta odisseia tem estudado sobre biologia, extra\u00e7\u00e3o e amplifica\u00e7\u00e3o de DNA, ci\u00eancias ambientais (licenciamento ambiental), medicina legal (necropsias), neuroci\u00eancias, tecnologias da informa\u00e7\u00e3o (gnu\/linux, shell, docker, devops,&#8230;)\n                      linguagem python (Django, Flask, Selenium, Pandas, Matplotlib, Numpy&#8230;), ethical hacking (pentest, PTES, Metasploit, Nmap, TryHackMe, HackerOne&#8230;), m\u00fasica (teclado, guitarra, viol\u00e3o, gaita de boca, violino&#8230;), piloto de parapente,\n                      pai&#8230;<\/p>\n                    <p>Dentro de suas habilidades de interesse procura contribuir com a comunidade em sua volta ao que estiver ao alcance de seus conhecimentos para a resolu\u00e7\u00e3o de problemas.<\/p>\n                    <p>Se eu puder ajud\u00e1-lo(a), ficarei feliz em contribuir de alguma forma!<\/p>\n                    <p>\n                      <br>\n                    <\/p>\n                  <\/div>\n                <\/div>\n              <\/div>\n            <\/div>\n          <\/div>\n        <\/div>\n      <\/div>\n      <div data-colibri-id=\"21-c6\" class=\"h-row-container gutters-row-lg-2 gutters-row-md-2 gutters-row-0 gutters-row-v-lg-2 gutters-row-v-md-2 gutters-row-v-2 style-340 style-local-21-c6 position-relative\">\n        <!---->\n        <div class=\"h-row justify-content-lg-center justify-content-md-center justify-content-center align-items-lg-stretch align-items-md-stretch align-items-stretch gutters-col-lg-2 gutters-col-md-2 gutters-col-0 gutters-col-v-lg-2 gutters-col-v-md-2 gutters-col-v-2\">\n          <!---->\n          <div class=\"h-column h-column-container d-flex h-col-lg-auto h-col-md-auto h-col-auto style-341-outer style-local-21-c7-outer\">\n            <div data-colibri-id=\"21-c7\" class=\"d-flex h-flex-basis h-column__inner h-ui-empty-state-container h-px-lg-2 h-px-md-2 h-px-2 v-inner-lg-2 v-inner-md-2 v-inner-2 style-341 style-local-21-c7 position-relative\">\n              <!---->\n              <!---->\n              <div class=\"w-100 h-y-container h-column__content h-column__v-align flex-basis-100\">\n                <!---->\n              <\/div>\n            <\/div>\n          <\/div>\n        <\/div>\n      <\/div>\n    <\/div>\n  <\/div>\n<\/div>","protected":false},"excerpt":{"rendered":"<p>Quem \u00e9 RafaSapiens? Quem sou? Um primata, tripulante da espa\u00e7onave Terra desde o in\u00edcio da d\u00e9cada de 1980 e que busca respostas sobre sua pr\u00f3pria esp\u00e9cie e as intera\u00e7\u00f5es e comportamentos que a esp\u00e9cie tem entre si e entre as outras esp\u00e9cies. Nesta odisseia tem estudado sobre biologia, extra\u00e7\u00e3o e amplifica\u00e7\u00e3o de DNA, ci\u00eancias ambientais [&hellip;]<\/p>\n","protected":false},"author":1,"featured_media":0,"parent":0,"menu_order":0,"comment_status":"closed","ping_status":"closed","template":"page-templates\/full-width-page.php","meta":{"footnotes":""},"class_list":["post-21","page","type-page","status-publish","hentry"],"_links":{"self":[{"href":"https:\/\/rafasapiens.com\/portfolio\/index.php\/wp-json\/wp\/v2\/pages\/21","targetHints":{"allow":["GET"]}}],"collection":[{"href":"https:\/\/rafasapiens.com\/portfolio\/index.php\/wp-json\/wp\/v2\/pages"}],"about":[{"href":"https:\/\/rafasapiens.com\/portfolio\/index.php\/wp-json\/wp\/v2\/types\/page"}],"author":[{"embeddable":true,"href":"https:\/\/rafasapiens.com\/portfolio\/index.php\/wp-json\/wp\/v2\/users\/1"}],"replies":[{"embeddable":true,"href":"https:\/\/rafasapiens.com\/portfolio\/index.php\/wp-json\/wp\/v2\/comments?post=21"}],"version-history":[{"count":6,"href":"https:\/\/rafasapiens.com\/portfolio\/index.php\/wp-json\/wp\/v2\/pages\/21\/revisions"}],"predecessor-version":[{"id":137,"href":"https:\/\/rafasapiens.com\/portfolio\/index.php\/wp-json\/wp\/v2\/pages\/21\/revisions\/137"}],"wp:attachment":[{"href":"https:\/\/rafasapiens.com\/portfolio\/index.php\/wp-json\/wp\/v2\/media?parent=21"}],"curies":[{"name":"wp","href":"https:\/\/api.w.org\/{rel}","templated":true}]}}