{"id":147,"date":"2022-08-27T11:32:30","date_gmt":"2022-08-27T14:32:30","guid":{"rendered":"https:\/\/rafasapiens.com\/portfolio\/?page_id=147"},"modified":"2022-08-27T13:30:44","modified_gmt":"2022-08-27T16:30:44","slug":"trabalho-remoto","status":"publish","type":"page","link":"https:\/\/rafasapiens.com\/portfolio\/index.php\/trabalho-remoto\/","title":{"rendered":"Trabalho Remoto"},"content":{"rendered":"\n<p>Eu vou passar para voc\u00ea 13 eu disse &#8220;Treze&#8221; (para dar sorte) portais para voc\u00ea conseguir trabalho remoto.<\/p>\n\n\n\n<p>Com isso \u00e9 quase imposs\u00edvel voc\u00ea n\u00e3o conseguir trabalho.<\/p>\n\n\n\n<p>S\u00e3o milhares de oportunidades em diversas \u00e1reas e muito bem remuneradas. <\/p>\n\n\n\n<p>Serve tamb\u00e9m como pesquisa de mercado para voc\u00ea se atualizar e verificar quais s\u00e3o as principais demandas e focar seus estudos nelas!<\/p>\n\n\n\n<p>Confere e aplica teus conhecimentos para uma delas l\u00e1!<\/p>\n\n\n\n<h2 class=\"wp-block-heading\"><a href=\"https:\/\/developer.upstackhq.com\/apply\" target=\"_blank\" rel=\"noreferrer noopener\">UpStack.co<\/a><\/h2>\n\n\n\n<p>Do you speach english? Ent\u00e3o voc\u00ea pode aplicar para as entrevistas do UpStack. S\u00e3o diversas oportunidades para desenvolvedores remotos no mundo todo!<\/p>\n\n\n\n<h2 class=\"wp-block-heading\"><a rel=\"noreferrer noopener\" href=\"https:\/\/www.crossover.com\/\" target=\"_blank\">Crossover.com<\/a><\/h2>\n\n\n\n<p>Uma das mais desejadas empresas de recrutamento e tecnologia do mundo!<\/p>\n\n\n\n<p>Conhecida pelas excelentes vagas oferecidas, a empresa acredita que empregos de altos sal\u00e1rios e o desenvolvimento cont\u00ednuo dos profissionais podem transformar a sociedade de uma maneira positiva.<\/p>\n\n\n\n<h2 class=\"wp-block-heading\"><a rel=\"noreferrer noopener\" href=\"https:\/\/remoteok.com\/\" target=\"_blank\">Remoteok.io<\/a><\/h2>\n\n\n\n<p>Excelente local com vagas sempre atualizadas de oportunidades em empresas de v\u00e1rios pa\u00edses, al\u00e9m de informa\u00e7\u00f5es como sal\u00e1rio m\u00e9dio oferecido.<\/p>\n\n\n\n<p>A navega\u00e7\u00e3o pode ser otimizada buscando as vagas por categorias, o que facilita bastante a compara\u00e7\u00e3o das op\u00e7\u00f5es de melhores oportunidades para voc\u00ea! <\/p>\n\n\n\n<h2 class=\"wp-block-heading\"><a rel=\"noreferrer noopener\" href=\"https:\/\/www.toptal.com\/\" target=\"_blank\">Toptal.com<\/a><\/h2>\n\n\n\n<p>Voc\u00ea \u00e9 bom de verdade? Ent\u00e3o que tal aplicar para as vagas da Toptal? Ela \u00e9 uma empresa norte-americana que tem como premissa manter em sua plataforma apenas os 3% dos melhores profissionais  do mundo, escolhidos por meio de um intenso e criterioso processo seletivo. <\/p>\n\n\n\n<p>Mas se n\u00e3o rolar para voc\u00ea n\u00e3o se deixe abater ainda existem infinitas oportunidades fora do mercado dos TopTop 3%. D\u00e1 uma olhada l\u00e1, os testes estimulam a buscar mais conhecimento para quem sabe estar entre os melhores do mercado.<\/p>\n\n\n\n<h2 class=\"wp-block-heading\"><a rel=\"noreferrer noopener\" href=\"https:\/\/www.scalablepath.com\/for-freelancers\" target=\"_blank\">Scalablepath.com<\/a><\/h2>\n\n\n\n<p>Atrav\u00e9s da Scalable Path \u00e0 partir de um seleto processo de aplica\u00e7\u00e3o, caso voc\u00ea seja aprovado, voc\u00ea passa a fazer parte de um grupo de desenvolvedores que ir\u00e1 trabalhar com determinada empresa com foco no mercado internacional.<\/p>\n\n\n\n<p>\u00c9 claro que al\u00e9m de sua excelente habilidade na sua \u00e1rea, o ingl\u00eas \u00e9 fundamental para aplicar aqui pois voc\u00ea estar\u00e1 buscando o mercado internacional.<\/p>\n\n\n\n<h2 class=\"wp-block-heading\"><a rel=\"noreferrer noopener\" href=\"https:\/\/stackoverflow.com\/\" target=\"_blank\">Stackoverflow.com<\/a><\/h2>\n\n\n\n<p>Voc\u00ea j\u00e1 passou por aqui?  Ele \u00e9 provavelmente o maior site tira d\u00favidas de TI do mundo! <\/p>\n\n\n\n<p>Mas talvez voc\u00ea n\u00e3o saiba \u00e9 que ele conta com uma \u00e1rea espec\u00edfica para a divulga\u00e7\u00e3o de vagas de emprego, tanto para trabalhos remotos quanto para aqueles que cobrem os custos da mudan\u00e7a para outro pa\u00eds. Os sal\u00e1rios podem ultrapassar 100 mil d\u00f3lares por ano.<\/p>\n\n\n\n<p>O melhor \u00e9 que a plataforma \u00e9 totalmente gratuita. Voc\u00ea n\u00e3o precisa pagar nada para participar da comunidade e nem para buscar as vagas.<\/p>\n\n\n\n<h2 class=\"wp-block-heading\"><a rel=\"noreferrer noopener\" href=\"https:\/\/www.upwork.com\/\" target=\"_blank\">Upwork.com<\/a><\/h2>\n\n\n\n<p>O site permite que voc\u00ea pesquise por trabalhos dispon\u00edveis de clientes internacionais, sejam eles pagos por hora ou n\u00e3o, e lance uma oferta por aquele que deseja. <\/p>\n\n\n\n<p>Nela, devem estar informa\u00e7\u00f5es como condi\u00e7\u00f5es para realizar o projeto, o pre\u00e7o e a dura\u00e7\u00e3o do servi\u00e7o.<\/p>\n\n\n\n<p>Se a sua proposta for aceita, voc\u00ea realiza a tarefa e recebe em d\u00f3lares.<\/p>\n\n\n\n<h2 class=\"wp-block-heading\"><a rel=\"noreferrer noopener\" href=\"https:\/\/www.linkedin.com\/\" target=\"_blank\">Linkedin.com<\/a><\/h2>\n\n\n\n<p>Ferramenta essencial para qualquer profissional. O diferencial do Linkedin \u00e9 que voc\u00ea pode se candidatar para as vagas diretamente no site, basta um clique para enviar o seu curr\u00edculo. <\/p>\n\n\n\n<p>Al\u00e9m disso, ele tamb\u00e9m facilita o contato entre os candidatos e os recrutadores. <\/p>\n\n\n\n<p>Voc\u00ea pode se cadastrar gratuitamente, mas a plataforma tamb\u00e9m oferece a op\u00e7\u00e3o de planos premium, que contam com recursos extras para impulsionar seu perfil. O primeiro m\u00eas do upgrade \u00e9 gratuito para voc\u00ea testar.<\/p>\n\n\n\n<h2 class=\"wp-block-heading\"><a rel=\"noreferrer noopener\" href=\"https:\/\/angel.co\/\" target=\"_blank\">Angel.co<\/a><\/h2>\n\n\n\n<p>AngelList \u00e9 uma plataforma americana que conecta empreendedores a investidores e que faz sucesso entre as startups do mundo todo. Seu principal objetivo \u00e9 facilitar a arrecada\u00e7\u00e3o de fundos para os projetos.<\/p>\n\n\n\n<p>Ela tamb\u00e9m disponibiliza vagas de emprego em startups. Atualmente j\u00e1 s\u00e3o milhares de startups cadastradas. As vagas englobam diversas \u00e1reas e podem ser filtradas de acordo com a localiza\u00e7\u00e3o, tipo de emprego e faixa salarial.<\/p>\n\n\n\n<p>A plataforma tamb\u00e9m faz sugest\u00f5es de vagas baseadas no seu perfil profissional. Outro ponto interessante \u00e9 que algumas vagas ainda oferecem participa\u00e7\u00e3o societ\u00e1ria nas startups.<\/p>\n\n\n\n<h2 class=\"wp-block-heading\"><a rel=\"noreferrer noopener\" href=\"https:\/\/trampos.co\/\" target=\"_blank\">Trampos.co<\/a><\/h2>\n\n\n\n<p>Marketplace nacional focado em disponibilizar oportunidades para os profissionais da \u00e1rea de TI, design e marketing. Para visualizar as vagas basta acessar o site e pesquisar em qual cidade voc\u00ea quer atuar e em qual segmento, seja programa\u00e7\u00e3o, cria\u00e7\u00e3o, m\u00eddia, etc.<\/p>\n\n\n\n<p>Caso voc\u00ea se interesse por alguma delas, pode se cadastrar e anexar o seu curr\u00edculo e, \u00e9 claro, o seu portf\u00f3lio para que os recrutadores possam conhecer e saber mais tanto sobre a sua experi\u00eancia quanto sobre os seus trabalhos anteriores.<\/p>\n\n\n\n<p>Alguns dos diferenciais do Trampos.co \u00e9 que al\u00e9m de ser inteiramente gratuito, ele tamb\u00e9m conta com a possibilidade de encontrar vagas para trabalhos freelance e est\u00e1gios.<\/p>\n\n\n\n<h2 class=\"wp-block-heading\"><a rel=\"noreferrer noopener\" href=\"https:\/\/br.indeed.com\/\" target=\"_blank\">Indeed.com.br<\/a><\/h2>\n\n\n\n<p>A maioria das vagas s\u00e3o para desenvolvedores que pretendem morar em outro pa\u00eds, mas \u00e9 poss\u00edvel encontrar algumas para trabalho remoto.<\/p>\n\n\n\n<h2 class=\"wp-block-heading\"><a rel=\"noreferrer noopener\" href=\"https:\/\/jsremotely.com\/\" target=\"_blank\">Jsremotely.com<\/a><\/h2>\n\n\n\n<p>Espec\u00edfico para vagas em JavaScript.<\/p>\n\n\n\n<h2 class=\"wp-block-heading\"><a rel=\"noreferrer noopener\" href=\"https:\/\/jobspresso.co\/\" target=\"_blank\">Jobspresso.co<\/a><\/h2>\n\n\n\n<p>Todas as vagas s\u00e3o remotas e selecionadas manualmente por uma equipe de curadoria.<\/p>\n\n\n\n<p><\/p>\n\n\n\n<p>Ops&#8230; n\u00e3o eram 13 portais? Caso Voc\u00ea seja supersticioso vou deixar mais um por que vai que&#8230;  n\u00e9&#8230;.<\/p>\n\n\n\n<h2 class=\"wp-block-heading\"><a rel=\"noreferrer noopener\" href=\"https:\/\/weworkremotely.com\/\" target=\"_blank\">Weworkremotely.com<\/a><\/h2>\n\n\n\n<p>Oferece diversas op\u00e7\u00f5es em tecnologia, al\u00e9m de outras \u00e1reas como atendimento ao cliente, marketing e gest\u00e3o.<\/p>\n","protected":false},"excerpt":{"rendered":"<p>Eu vou passar para voc\u00ea 13 eu disse &#8220;Treze&#8221; (para dar sorte) portais para voc\u00ea conseguir trabalho remoto. Com isso \u00e9 quase imposs\u00edvel voc\u00ea n\u00e3o conseguir trabalho. S\u00e3o milhares de oportunidades em diversas \u00e1reas e muito bem remuneradas. Serve tamb\u00e9m como pesquisa de mercado para voc\u00ea se atualizar e verificar quais s\u00e3o as principais demandas [&hellip;]<\/p>\n","protected":false},"author":1,"featured_media":0,"parent":0,"menu_order":0,"comment_status":"closed","ping_status":"closed","template":"","meta":{"footnotes":""},"class_list":["post-147","page","type-page","status-publish","hentry"],"_links":{"self":[{"href":"https:\/\/rafasapiens.com\/portfolio\/index.php\/wp-json\/wp\/v2\/pages\/147","targetHints":{"allow":["GET"]}}],"collection":[{"href":"https:\/\/rafasapiens.com\/portfolio\/index.php\/wp-json\/wp\/v2\/pages"}],"about":[{"href":"https:\/\/rafasapiens.com\/portfolio\/index.php\/wp-json\/wp\/v2\/types\/page"}],"author":[{"embeddable":true,"href":"https:\/\/rafasapiens.com\/portfolio\/index.php\/wp-json\/wp\/v2\/users\/1"}],"replies":[{"embeddable":true,"href":"https:\/\/rafasapiens.com\/portfolio\/index.php\/wp-json\/wp\/v2\/comments?post=147"}],"version-history":[{"count":41,"href":"https:\/\/rafasapiens.com\/portfolio\/index.php\/wp-json\/wp\/v2\/pages\/147\/revisions"}],"predecessor-version":[{"id":193,"href":"https:\/\/rafasapiens.com\/portfolio\/index.php\/wp-json\/wp\/v2\/pages\/147\/revisions\/193"}],"wp:attachment":[{"href":"https:\/\/rafasapiens.com\/portfolio\/index.php\/wp-json\/wp\/v2\/media?parent=147"}],"curies":[{"name":"wp","href":"https:\/\/api.w.org\/{rel}","templated":true}]}}